{"id":22,"date":"2024-02-26T09:05:26","date_gmt":"2024-02-26T07:05:26","guid":{"rendered":"https:\/\/www.estudiarea.net\/estudi\/"},"modified":"2024-07-17T12:43:44","modified_gmt":"2024-07-17T10:43:44","slug":"estudi","status":"publish","type":"page","link":"https:\/\/www.estudiarea.net\/es\/estudi\/","title":{"rendered":"Estudio"},"content":{"rendered":"\n<div class=\"wp-block-gutsliders-any-content alignfull gutslider-5bd66474 nav_inside nav_cc cabecera-equipo\" data-swiper-options=\"{&quot;slidesPerView&quot;:1,&quot;spaceBetween&quot;:0,&quot;loop&quot;:true,&quot;autoplay&quot;:false,&quot;speed&quot;:1000,&quot;navigation&quot;:false,&quot;pagination&quot;:false,&quot;effect&quot;:&quot;slide&quot;,&quot;creativeEffect&quot;:{&quot;prev&quot;:{&quot;shadow&quot;:true,&quot;translate&quot;:[&quot;-20%&quot;,0,-1]},&quot;next&quot;:{&quot;translate&quot;:[&quot;100%&quot;,0,0]}},&quot;keyboard&quot;:{&quot;enabled&quot;:false},&quot;mousewheel&quot;:false}\"><div class=\"swiper\"><div class=\"swiper-wrapper\">\n<div class=\"wp-block-gutsliders-slide swiper-slide\"><div class=\"swiper-container-outer\" style=\"background-color:;background-image:url(https:\/\/www.estudiarea.net\/wp-content\/uploads\/2024\/07\/20081019-img-3329.jpg);background-size:cover;background-position:center center;background-repeat:no-repeat\"><div class=\"gutslider-content-inner\">\n<div class=\"wp-block-group alignfull cabecera-equipo__content-slider has-tertiary-background-color has-background is-layout-constrained wp-block-group-is-layout-constrained\"><h1 class=\"has-link-color cabecera-equipo__title wp-elements-e1574a61d72df1803f7329c96a503e5f wp-elements-4b7fc09ced196fd168e80e36d5ba708f wp-block-post-title has-text-color has-white-color\">Estudio<\/h1><\/div>\n<\/div><\/div><\/div>\n<\/div><\/div><\/div>\n\n\n\n<div class=\"wp-block-group alignfull is-style-section has-gray-light-background-color has-background is-layout-constrained wp-block-group-is-layout-constrained\">\n<div class=\"wp-block-group aligncenter is-layout-constrained wp-block-group-is-layout-constrained\">\n<p class=\"has-text-align-center has-medium-font-size\">AREA, estudio de arquitectura es una empresa de servicios de arquitectura fundada en el a\u00f1o 2000. Formada por el arquitecto Marcel Torres i Vilella y el interiorista N\u00faria Sanchez i Rovira, que unen sus conocimientos y esfuerzos para ofrecer al cliente el m\u00e1ximo servicio dentro del mundo de la arquitectura e interiorismo, entendiendo las dos ramas como una sola, empezando por los primeros esbozos hasta la entrega de la obra.<\/p>\n<\/div>\n<\/div>\n\n\n\n<section class=\"wp-block-group alignfull is-style-section equip__section has-white-background-color has-background is-layout-constrained wp-block-group-is-layout-constrained\">\n<div class=\"wp-block-group alignwide equip is-layout-constrained wp-block-group-is-layout-constrained\">\n<h3 class=\"wp-block-heading has-text-align-center\">L&#8217;EQUIPO<\/h3>\n\n\n\n<div class=\"wp-block-group equip__coleccio is-layout-flex wp-block-group-is-layout-flex\">\n<div class=\"wp-block-group equip__item is-nowrap is-layout-flex wp-container-core-group-is-layout-5 wp-block-group-is-layout-flex\">\n<figure class=\"wp-block-image size-medium equip__imatge\"><img alt=\"\" loading=\"lazy\" decoding=\"async\" width=\"300\" height=\"300\" src=\"https:\/\/www.estudiarea.net\/wp-content\/uploads\/2024\/02\/equip-marcel-torres-300x300.jpg\" alt=\"\" class=\"wp-image-116\" srcset=\"https:\/\/www.estudiarea.net\/wp-content\/uploads\/2024\/02\/equip-marcel-torres-300x300.jpg 300w, https:\/\/www.estudiarea.net\/wp-content\/uploads\/2024\/02\/equip-marcel-torres-150x150.jpg 150w, https:\/\/www.estudiarea.net\/wp-content\/uploads\/2024\/02\/equip-marcel-torres.jpg 316w\" sizes=\"(max-width: 300px) 100vw, 300px\" \/><\/figure>\n\n\n\n<div class=\"wp-block-group equip__text is-layout-constrained wp-block-group-is-layout-constrained\">\n<h4 class=\"wp-block-heading equip__title\">Marcel Torres i Vilella<\/h4>\n\n\n\n<p><strong>Arquitecto<\/strong><\/p>\n\n\n\n<p>Nacido en Granollers en 1971.<\/p>\n\n\n\n<p>Estudios de Arquitectura Superior en la Universidad Polit\u00e9cnica de Catalu\u00f1a.<\/p>\n\n\n\n<p>Postgrado en direcci\u00f3n Urban\u00edstica.<\/p>\n\n\n\n<p>En 1991 inicia el oficio en el mundo de la arquitectura colaborando en diferentes estudios de arquitectura del vall\u00e8s.<\/p>\n\n\n\n<p>En 2000 abre su propio estudio de arquitectura enfocado principalmente a la obra residencial.<\/p>\n\n\n\n<p>En 2004 Funda junto con el Interiorista N\u00faria S\u00e1nchez Rovira la empresa AREA, estudio de arquitectura s.l.p.<\/p>\n<\/div>\n<\/div>\n\n\n\n<div class=\"wp-block-group equip__item is-nowrap is-layout-flex wp-container-core-group-is-layout-7 wp-block-group-is-layout-flex\">\n<figure class=\"wp-block-image size-medium equip__imatge\"><img alt=\"\" loading=\"lazy\" decoding=\"async\" width=\"300\" height=\"300\" src=\"https:\/\/www.estudiarea.net\/wp-content\/uploads\/2024\/02\/equip-nuria-sanchez-300x300.jpg\" alt=\"\" class=\"wp-image-121\" srcset=\"https:\/\/www.estudiarea.net\/wp-content\/uploads\/2024\/02\/equip-nuria-sanchez-300x300.jpg 300w, https:\/\/www.estudiarea.net\/wp-content\/uploads\/2024\/02\/equip-nuria-sanchez-150x150.jpg 150w, https:\/\/www.estudiarea.net\/wp-content\/uploads\/2024\/02\/equip-nuria-sanchez.jpg 316w\" sizes=\"(max-width: 300px) 100vw, 300px\" \/><\/figure>\n\n\n\n<div class=\"wp-block-group equip__text is-layout-constrained wp-block-group-is-layout-constrained\">\n<h4 class=\"wp-block-heading equip__title\">N\u00faria Sanchez i Rovira<\/h4>\n\n\n\n<p><strong>Interiorista<\/strong><\/p>\n\n\n\n<p>Nacida en Granollers en 1973.<\/p>\n\n\n\n<p>Cursa los estudios de Interiorismo en la escuela DIAC de Barcelona.<\/p>\n\n\n\n<p>Durante a\u00f1os colabora en distintos estudios de interiorismo.<\/p>\n\n\n\n<p>En 2004 Funda junto a Marcel Torres la empresa \u00abAREA, estudio de arquitectura\u00bb<\/p>\n<\/div>\n<\/div>\n\n\n\n<div class=\"wp-block-group equip__item is-nowrap is-layout-flex wp-container-core-group-is-layout-9 wp-block-group-is-layout-flex\">\n<figure class=\"wp-block-image size-medium equip__imatge\"><img alt=\"\" loading=\"lazy\" decoding=\"async\" width=\"300\" height=\"300\" src=\"https:\/\/www.estudiarea.net\/wp-content\/uploads\/2024\/02\/equip-teresa-montserrat-300x300.jpg\" alt=\"\" class=\"wp-image-124\" srcset=\"https:\/\/www.estudiarea.net\/wp-content\/uploads\/2024\/02\/equip-teresa-montserrat-300x300.jpg 300w, https:\/\/www.estudiarea.net\/wp-content\/uploads\/2024\/02\/equip-teresa-montserrat-150x150.jpg 150w, https:\/\/www.estudiarea.net\/wp-content\/uploads\/2024\/02\/equip-teresa-montserrat.jpg 316w\" sizes=\"(max-width: 300px) 100vw, 300px\" \/><\/figure>\n\n\n\n<div class=\"wp-block-group equip__text is-layout-constrained wp-block-group-is-layout-constrained\">\n<h4 class=\"wp-block-heading equip__title\">Teresa Montserrat Aguil\u00f3<\/h4>\n\n\n\n<p><strong>Arquitecta Superior<\/strong><\/p>\n\n\n\n<p>Arquitectura Superior en la Universidad Polit\u00e9cnica de Catalu\u00f1a.<\/p>\n\n\n\n<p>Se incorpora al estudio en 2017, Jefe de proyectos y delineaci\u00f3n.<\/p>\n\n\n\n<p>Jefe de departamento de interiorismo.<\/p>\n<\/div>\n<\/div>\n\n\n\n<div class=\"wp-block-group equip__item is-nowrap is-layout-flex wp-container-core-group-is-layout-11 wp-block-group-is-layout-flex\">\n<figure class=\"wp-block-image size-medium equip__imatge\"><img alt=\"\" loading=\"lazy\" decoding=\"async\" width=\"300\" height=\"300\" src=\"https:\/\/www.estudiarea.net\/wp-content\/uploads\/2024\/02\/equip-lidia-torres-300x300.jpg\" alt=\"\" class=\"wp-image-127\" srcset=\"https:\/\/www.estudiarea.net\/wp-content\/uploads\/2024\/02\/equip-lidia-torres-300x300.jpg 300w, https:\/\/www.estudiarea.net\/wp-content\/uploads\/2024\/02\/equip-lidia-torres-150x150.jpg 150w, https:\/\/www.estudiarea.net\/wp-content\/uploads\/2024\/02\/equip-lidia-torres.jpg 316w\" sizes=\"(max-width: 300px) 100vw, 300px\" \/><\/figure>\n\n\n\n<div class=\"wp-block-group equip__text is-layout-constrained wp-block-group-is-layout-constrained\">\n<h4 class=\"wp-block-heading equip__title\">Lidia Torres i Vilella<\/h4>\n\n\n\n<p><strong>Administrativa<\/strong><\/p>\n\n\n\n<p>Gesti\u00f3n contable y administrativa.<\/p>\n<\/div>\n<\/div>\n<\/div>\n<\/div>\n<\/section>\n","protected":false},"excerpt":{"rendered":"<p>AREA, estudio de arquitectura es una empresa de servicios de arquitectura fundada en el a\u00f1o 2000. Formada por el arquitecto Marcel Torres i Vilella y el interiorista N\u00faria Sanchez i Rovira, que unen sus conocimientos y esfuerzos para ofrecer al cliente el m\u00e1ximo servicio dentro del mundo de la arquitectura e interiorismo, entendiendo las dos [&hellip;]<\/p>\n","protected":false},"author":1,"featured_media":0,"parent":0,"menu_order":8,"comment_status":"closed","ping_status":"closed","template":"","meta":{"_seopress_robots_primary_cat":"","_seopress_titles_title":"","_seopress_titles_desc":"","_seopress_robots_index":"","inline_featured_image":false,"footnotes":""},"class_list":["post-22","page","type-page","status-publish","hentry"],"_links":{"self":[{"href":"https:\/\/www.estudiarea.net\/es\/wp-json\/wp\/v2\/pages\/22"}],"collection":[{"href":"https:\/\/www.estudiarea.net\/es\/wp-json\/wp\/v2\/pages"}],"about":[{"href":"https:\/\/www.estudiarea.net\/es\/wp-json\/wp\/v2\/types\/page"}],"author":[{"embeddable":true,"href":"https:\/\/www.estudiarea.net\/es\/wp-json\/wp\/v2\/users\/1"}],"replies":[{"embeddable":true,"href":"https:\/\/www.estudiarea.net\/es\/wp-json\/wp\/v2\/comments?post=22"}],"version-history":[{"count":0,"href":"https:\/\/www.estudiarea.net\/es\/wp-json\/wp\/v2\/pages\/22\/revisions"}],"wp:attachment":[{"href":"https:\/\/www.estudiarea.net\/es\/wp-json\/wp\/v2\/media?parent=22"}],"curies":[{"name":"wp","href":"https:\/\/api.w.org\/{rel}","templated":true}]}}