{"id":10,"date":"2024-02-26T08:38:37","date_gmt":"2024-02-26T06:38:37","guid":{"rendered":"https:\/\/www.estudiarea.net\/inici\/"},"modified":"2024-10-30T11:38:36","modified_gmt":"2024-10-30T09:38:36","slug":"inici","status":"publish","type":"page","link":"https:\/\/www.estudiarea.net\/es\/","title":{"rendered":"Inicio"},"content":{"rendered":"\n<div class=\"wp-block-gutsliders-any-content alignfull gutslider-12a7b1a6 nav_inside nav_cc header-home-slider\" data-swiper-options=\"{&quot;slidesPerView&quot;:1,&quot;spaceBetween&quot;:0,&quot;loop&quot;:true,&quot;autoplay&quot;:{&quot;delay&quot;:6500,&quot;pauseOnMouseEnter&quot;:false,&quot;stopOnLastSlide&quot;:false,&quot;reverseDirection&quot;:false},&quot;speed&quot;:1000,&quot;navigation&quot;:{&quot;nextEl&quot;:&quot;.gutslider-12a7b1a6 .gutslider-next&quot;,&quot;prevEl&quot;:&quot;.gutslider-12a7b1a6 .gutslider-prev&quot;},&quot;pagination&quot;:{&quot;el&quot;:&quot;.gutslider-12a7b1a6 .swiper-pagination&quot;,&quot;type&quot;:&quot;bullets&quot;,&quot;dynamicBullets&quot;:true,&quot;clickable&quot;:true},&quot;effect&quot;:&quot;slide&quot;,&quot;creativeEffect&quot;:{&quot;prev&quot;:{&quot;shadow&quot;:true,&quot;translate&quot;:[&quot;-20%&quot;,0,-1]},&quot;next&quot;:{&quot;translate&quot;:[&quot;100%&quot;,0,0]}},&quot;keyboard&quot;:{&quot;enabled&quot;:false},&quot;mousewheel&quot;:false}\"><div class=\"swiper\"><div class=\"swiper-wrapper\">\n<div class=\"wp-block-gutsliders-slide swiper-slide\"><div class=\"swiper-container-outer\" style=\"background-color:;background-image:url(https:\/\/www.estudiarea.net\/wp-content\/uploads\/2024\/07\/santa-perpetua-03-e1719998863289.jpg);background-size:cover;background-position:center center;background-repeat:no-repeat\"><div class=\"gutslider-content-inner\">\n<div class=\"wp-block-group alignfull header-home-slider__content has-tertiary-background-color has-background is-vertical is-content-justification-center is-layout-flex wp-container-core-group-is-layout-1 wp-block-group-is-layout-flex\">\n<p class=\"header-home-slider__tipology has-white-color has-text-color has-link-color wp-elements-e41158ac8d5867a12fc4f46c58e77cc8\">Equipamiento<\/p>\n\n\n\n<h2 class=\"wp-block-heading header-home-slider__title has-white-color has-text-color has-link-color wp-elements-eaa0d04c00b2ae7beea93851482a9c09\">22-605. Nave Industrial- Sta. Perp\u00e8tua<\/h2>\n\n\n\n<div class=\"wp-block-buttons header-home-slider__buttons is-content-justification-center is-layout-flex wp-container-core-buttons-is-layout-1 wp-block-buttons-is-layout-flex\">\n<div class=\"wp-block-button is-style-secondary\"><a class=\"wp-block-button__link wp-element-button\" href=\"https:\/\/www.estudiarea.net\/projects\/08-186-coberta-poliesportiu\/\">ver proyecto<\/a><\/div>\n<\/div>\n<\/div>\n<\/div><\/div><\/div>\n\n\n\n<div class=\"wp-block-gutsliders-slide swiper-slide\"><div class=\"swiper-container-outer\" style=\"background-color:;background-image:url(https:\/\/www.estudiarea.net\/wp-content\/uploads\/2024\/07\/disseny-sense-titol-5.jpg);background-size:cover;background-position:center center;background-repeat:no-repeat\"><div class=\"gutslider-content-inner\">\n<div class=\"wp-block-group alignfull header-home-slider__content has-tertiary-background-color has-background is-vertical is-content-justification-center is-layout-flex wp-container-core-group-is-layout-2 wp-block-group-is-layout-flex\">\n<p class=\"header-home-slider__tipology has-white-color has-text-color has-link-color wp-elements-3d55b073e42192ea5aa4bce988fe193c\">VIVIENDA UNIFAMILIAR<\/p>\n\n\n\n<h2 class=\"wp-block-heading header-home-slider__title has-white-color has-text-color has-link-color wp-elements-e21000a1b36bdbb2a3218bc2ea1981d9\">18-482. Sant Quirze del Vall\u00e8s<\/h2>\n\n\n\n<div class=\"wp-block-buttons header-home-slider__buttons is-content-justification-center is-layout-flex wp-container-core-buttons-is-layout-2 wp-block-buttons-is-layout-flex\">\n<div class=\"wp-block-button is-style-secondary\"><a class=\"wp-block-button__link wp-element-button\" href=\"https:\/\/www.estudiarea.net\/projects\/08-186-coberta-poliesportiu\/\">Ver proyecto<\/a><\/div>\n<\/div>\n<\/div>\n<\/div><\/div><\/div>\n\n\n\n<div class=\"wp-block-gutsliders-slide swiper-slide\"><div class=\"swiper-container-outer\" style=\"background-color:;background-image:url(https:\/\/www.estudiarea.net\/wp-content\/uploads\/2024\/07\/19-500-v1-2-foto.jpg);background-size:cover;background-position:center center;background-repeat:no-repeat\"><div class=\"gutslider-content-inner\">\n<div class=\"wp-block-group alignfull header-home-slider__content has-tertiary-background-color has-background is-vertical is-content-justification-center is-layout-flex wp-container-core-group-is-layout-3 wp-block-group-is-layout-flex\">\n<p class=\"header-home-slider__tipology has-white-color has-text-color has-link-color wp-elements-430631521b6ab379c94b3da9774ce26c\">VIVIENDA PLURIFAMILIAR<\/p>\n\n\n\n<h2 class=\"wp-block-heading header-home-slider__title has-white-color has-text-color has-link-color wp-elements-68103c7d1c019d4b8bfc8ab245c5acad\">19-500 Granollers<\/h2>\n\n\n\n<div class=\"wp-block-buttons header-home-slider__buttons is-content-justification-center is-layout-flex wp-container-core-buttons-is-layout-3 wp-block-buttons-is-layout-flex\">\n<div class=\"wp-block-button is-style-secondary\"><a class=\"wp-block-button__link wp-element-button\" href=\"https:\/\/www.estudiarea.net\/projects\/08-186-coberta-poliesportiu\/\">Ver proyecto<\/a><\/div>\n<\/div>\n<\/div>\n<\/div><\/div><\/div>\n\n\n\n<div class=\"wp-block-gutsliders-slide swiper-slide\"><div class=\"swiper-container-outer\" style=\"background-color:;background-image:url(https:\/\/www.estudiarea.net\/wp-content\/uploads\/2024\/07\/disseny-sense-titol-6.jpg);background-size:cover;background-position:center center;background-repeat:no-repeat\"><div class=\"gutslider-content-inner\">\n<div class=\"wp-block-group alignfull header-home-slider__content has-tertiary-background-color has-background is-vertical is-content-justification-center is-layout-flex wp-container-core-group-is-layout-4 wp-block-group-is-layout-flex\">\n<p class=\"header-home-slider__tipology has-white-color has-text-color has-link-color wp-elements-428c2f76ea82f4e741ad7208379d8203\">EQUIPAMIENTO<\/p>\n\n\n\n<h2 class=\"wp-block-heading header-home-slider__title has-white-color has-text-color has-link-color wp-elements-85264b12aa3edc125ee215e37a33594e\">256. Oficinas la Volta-Parets del Vall\u00e8s<\/h2>\n\n\n\n<div class=\"wp-block-buttons header-home-slider__buttons is-content-justification-center is-layout-flex wp-container-core-buttons-is-layout-4 wp-block-buttons-is-layout-flex\">\n<div class=\"wp-block-button is-style-secondary\"><a class=\"wp-block-button__link wp-element-button\" href=\"https:\/\/www.estudiarea.net\/projects\/08-186-coberta-poliesportiu\/\">Ver proyecto<\/a><\/div>\n<\/div>\n<\/div>\n<\/div><\/div><\/div>\n<\/div><div class=\"swiper-pagination\"><\/div><div class=\"gutslider-nav nav_inside nav_cc\"><div class=\"gutslider-prev\"><svg height=\"1792\" viewBox=\"0 0 1792 1792\" width=\"1792\" xmlns=\"http:\/\/www.w3.org\/2000\/svg\"><path d=\"M1203 544q0 13-10 23l-393 393 393 393q10 10 10 23t-10 23l-50 50q-10 10-23 10t-23-10l-466-466q-10-10-10-23t10-23l466-466q10-10 23-10t23 10l50 50q10 10 10 23z\" fill=\"currentColor\"\/><\/svg><\/div><div class=\"gutslider-next\"><svg height=\"1792\" viewBox=\"0 0 1792 1792\" width=\"1792\" xmlns=\"http:\/\/www.w3.org\/2000\/svg\"><path d=\"M1171 960q0 13-10 23l-466 466q-10 10-23 10t-23-10l-50-50q-10-10-10-23t10-23l393-393-393-393q-10-10-10-23t10-23l50-50q10-10 23-10t23 10l466 466q10 10 10 23z\" fill=\"currentColor\"\/><\/svg><\/div><\/div><\/div><\/div>\n\n\n\n<section class=\"wp-block-group alignfull is-style-section is-layout-constrained wp-block-group-is-layout-constrained\">\n<div class=\"wp-block-group aligncenter is-layout-constrained wp-block-group-is-layout-constrained\">\n<p class=\"has-text-align-center has-medium-font-size\">Bienvenidos a un espacio donde damos forma a sue\u00f1os arquitect\u00f3nicos con precisi\u00f3n y coraz\u00f3n. En nuestro estudio de arquitectura damos vida a cada proyecto con la pasi\u00f3n que nos impulsa, la dedicaci\u00f3n que nos define y la atenci\u00f3n meticulosa al por menor.<\/p>\n<\/div>\n<\/section>\n","protected":false},"excerpt":{"rendered":"<p>Bienvenidos a un espacio donde damos forma a sue\u00f1os arquitect\u00f3nicos con precisi\u00f3n y coraz\u00f3n. En nuestro estudio de arquitectura damos vida a cada proyecto con la pasi\u00f3n que nos impulsa, la dedicaci\u00f3n que nos define y la atenci\u00f3n meticulosa al por menor.<\/p>\n","protected":false},"author":1,"featured_media":0,"parent":0,"menu_order":6,"comment_status":"closed","ping_status":"closed","template":"","meta":{"_seopress_robots_primary_cat":"","_seopress_titles_title":"","_seopress_titles_desc":"","_seopress_robots_index":"","inline_featured_image":false,"footnotes":""},"class_list":["post-10","page","type-page","status-publish","hentry"],"_links":{"self":[{"href":"https:\/\/www.estudiarea.net\/es\/wp-json\/wp\/v2\/pages\/10"}],"collection":[{"href":"https:\/\/www.estudiarea.net\/es\/wp-json\/wp\/v2\/pages"}],"about":[{"href":"https:\/\/www.estudiarea.net\/es\/wp-json\/wp\/v2\/types\/page"}],"author":[{"embeddable":true,"href":"https:\/\/www.estudiarea.net\/es\/wp-json\/wp\/v2\/users\/1"}],"replies":[{"embeddable":true,"href":"https:\/\/www.estudiarea.net\/es\/wp-json\/wp\/v2\/comments?post=10"}],"version-history":[{"count":0,"href":"https:\/\/www.estudiarea.net\/es\/wp-json\/wp\/v2\/pages\/10\/revisions"}],"wp:attachment":[{"href":"https:\/\/www.estudiarea.net\/es\/wp-json\/wp\/v2\/media?parent=10"}],"curies":[{"name":"wp","href":"https:\/\/api.w.org\/{rel}","templated":true}]}}